{"id":175,"date":"2026-03-20T15:52:54","date_gmt":"2026-03-20T15:52:54","guid":{"rendered":"https:\/\/bilapi.dk\/Template3\/?page_id=175"},"modified":"2026-03-28T20:46:11","modified_gmt":"2026-03-28T20:46:11","slug":"kontakt-os","status":"publish","type":"page","link":"https:\/\/bilapi.dk\/Template3\/kontakt-os\/","title":{"rendered":"Kontakt Os"},"content":{"rendered":"\t\t<div data-elementor-type=\"wp-page\" data-elementor-id=\"175\" class=\"elementor elementor-175\" data-elementor-post-type=\"page\">\n\t\t\t\t<div class=\"elementor-element elementor-element-b00e5fc bgkare e-flex e-con-boxed e-con e-parent\" data-id=\"b00e5fc\" data-element_type=\"container\" data-e-type=\"container\">\n\t\t\t\t\t<div class=\"e-con-inner\">\n\t\t<div class=\"elementor-element elementor-element-7a04d35 e-con-full e-flex e-con e-child\" data-id=\"7a04d35\" data-element_type=\"container\" data-e-type=\"container\">\n\t\t<div class=\"elementor-element elementor-element-79b4c6c e-con-full e-flex e-con e-child\" data-id=\"79b4c6c\" data-element_type=\"container\" data-e-type=\"container\">\n\t\t\t\t<div class=\"elementor-element elementor-element-5f1b0ca elementor-widget elementor-widget-html\" data-id=\"5f1b0ca\" data-element_type=\"widget\" data-e-type=\"widget\" data-widget_type=\"html.default\">\n\t\t\t\t\t<span class=\"red-skew-bar3\"><\/span>\t\t\t\t<\/div>\n\t\t\t\t<div class=\"elementor-element elementor-element-98b6119 elementor-widget elementor-widget-heading\" data-id=\"98b6119\" data-element_type=\"widget\" data-e-type=\"widget\" data-widget_type=\"heading.default\">\n\t\t\t\t\t<h2 class=\"elementor-heading-title elementor-size-default\">&#8202; Kontakt os<\/h2>\t\t\t\t<\/div>\n\t\t\t\t<\/div>\n\t\t\t\t<div class=\"elementor-element elementor-element-c04916e elementor-widget elementor-widget-heading\" data-id=\"c04916e\" data-element_type=\"widget\" data-e-type=\"widget\" data-widget_type=\"heading.default\">\n\t\t\t\t\t<h1 class=\"elementor-heading-title elementor-size-default\">Klar til din <span style=\"color:#DC2626\">n\u00e6ste bil?<\/span><\/h1>\t\t\t\t<\/div>\n\t\t\t\t<div class=\"elementor-element elementor-element-19458f5 elementor-widget elementor-widget-text-editor\" data-id=\"19458f5\" data-element_type=\"widget\" data-e-type=\"widget\" data-widget_type=\"text-editor.default\">\n\t\t\t\t\t\t\t\t\t<p data-start=\"122\" data-end=\"296\">Udfyld formularen eller kontakt os direkte. Uanset om du har sp\u00f8rgsm\u00e5l, \u00f8nsker en fremvisning eller leder efter en specifik bil, st\u00e5r vi klar til at hj\u00e6lpe.<\/p>\t\t\t\t\t\t\t\t<\/div>\n\t\t\t\t<\/div>\n\t\t<div class=\"elementor-element elementor-element-f19a5f3 e-con-full e-flex e-con e-child\" data-id=\"f19a5f3\" data-element_type=\"container\" data-e-type=\"container\">\n\t\t<div class=\"elementor-element elementor-element-ce15c3f e-con-full box-h e-flex e-con e-child\" data-id=\"ce15c3f\" data-element_type=\"container\" data-e-type=\"container\" data-settings=\"{&quot;background_background&quot;:&quot;classic&quot;}\">\n\t\t<div class=\"elementor-element elementor-element-5bda675 e-con-full e-flex e-con e-child\" data-id=\"5bda675\" data-element_type=\"container\" data-e-type=\"container\">\n\t\t\t\t<div class=\"elementor-element elementor-element-eec0de8 elementor-widget elementor-widget-heading\" data-id=\"eec0de8\" data-element_type=\"widget\" data-e-type=\"widget\" data-widget_type=\"heading.default\">\n\t\t\t\t\t<h2 class=\"elementor-heading-title elementor-size-default\">Kontakt os i dag<\/h2>\t\t\t\t<\/div>\n\t\t\t\t<div class=\"elementor-element elementor-element-1762f4a elementor-widget elementor-widget-heading\" data-id=\"1762f4a\" data-element_type=\"widget\" data-e-type=\"widget\" data-widget_type=\"heading.default\">\n\t\t\t\t\t<h2 class=\"elementor-heading-title elementor-size-default\">Udfyld formularen, og vi vender hurtigt tilbage til dig. Uanset om du har sp\u00f8rgsm\u00e5l, \u00f8nsker en fremvisning eller leder efter en specifik bil, st\u00e5r vi klar til at hj\u00e6lpe.<\/h2>\t\t\t\t<\/div>\n\t\t\t\t<\/div>\n\t\t\t\t<div class=\"elementor-element elementor-element-7dbd504 elementor-button-align-start elementor-widget elementor-widget-form\" data-id=\"7dbd504\" data-element_type=\"widget\" data-e-type=\"widget\" data-settings=\"{&quot;step_next_label&quot;:&quot;Next&quot;,&quot;step_previous_label&quot;:&quot;Previous&quot;,&quot;button_width&quot;:&quot;100&quot;,&quot;step_type&quot;:&quot;number_text&quot;,&quot;step_icon_shape&quot;:&quot;circle&quot;}\" data-widget_type=\"form.default\">\n\t\t\t\t\t\t\t<form class=\"elementor-form\" method=\"post\" name=\"New Form\" aria-label=\"New Form\">\n\t\t\t<input type=\"hidden\" name=\"post_id\" value=\"175\"\/>\n\t\t\t<input type=\"hidden\" name=\"form_id\" value=\"7dbd504\"\/>\n\t\t\t<input type=\"hidden\" name=\"referer_title\" value=\"Kontakt Os - RedLine\" \/>\n\n\t\t\t\t\t\t\t<input type=\"hidden\" name=\"queried_id\" value=\"175\"\/>\n\t\t\t\n\t\t\t<div class=\"elementor-form-fields-wrapper elementor-labels-above\">\n\t\t\t\t\t\t\t\t<div class=\"elementor-field-type-text elementor-field-group elementor-column elementor-field-group-name elementor-col-50 elementor-field-required\">\n\t\t\t\t\t\t\t\t\t\t\t\t<label for=\"form-field-name\" class=\"elementor-field-label\">\n\t\t\t\t\t\t\t\tNavn\t\t\t\t\t\t\t<\/label>\n\t\t\t\t\t\t\t\t\t\t\t\t\t\t<input size=\"1\" type=\"text\" name=\"form_fields[name]\" id=\"form-field-name\" class=\"elementor-field elementor-size-sm  elementor-field-textual\" placeholder=\"Dit navn\" required=\"required\">\n\t\t\t\t\t\t\t\t\t\t\t<\/div>\n\t\t\t\t\t\t\t\t<div class=\"elementor-field-type-tel elementor-field-group elementor-column elementor-field-group-field_3c8093a elementor-col-50 elementor-field-required\">\n\t\t\t\t\t\t\t\t\t\t\t\t<label for=\"form-field-field_3c8093a\" class=\"elementor-field-label\">\n\t\t\t\t\t\t\t\tTelefonnummer\t\t\t\t\t\t\t<\/label>\n\t\t\t\t\t\t\t\t<input size=\"1\" type=\"tel\" name=\"form_fields[field_3c8093a]\" id=\"form-field-field_3c8093a\" class=\"elementor-field elementor-size-sm  elementor-field-textual\" placeholder=\"+45 44 44 44 44\" required=\"required\" pattern=\"[0-9()#&amp;+*-=.]+\" title=\"Only numbers and phone characters (#, -, *, etc) are accepted.\">\n\n\t\t\t\t\t\t<\/div>\n\t\t\t\t\t\t\t\t<div class=\"elementor-field-type-email elementor-field-group elementor-column elementor-field-group-email elementor-col-50 elementor-field-required\">\n\t\t\t\t\t\t\t\t\t\t\t\t<label for=\"form-field-email\" class=\"elementor-field-label\">\n\t\t\t\t\t\t\t\tEmail\t\t\t\t\t\t\t<\/label>\n\t\t\t\t\t\t\t\t\t\t\t\t\t\t<input size=\"1\" type=\"email\" name=\"form_fields[email]\" id=\"form-field-email\" class=\"elementor-field elementor-size-sm  elementor-field-textual\" placeholder=\"Din email\" required=\"required\">\n\t\t\t\t\t\t\t\t\t\t\t<\/div>\n\t\t\t\t\t\t\t\t<div class=\"elementor-field-type-text elementor-field-group elementor-column elementor-field-group-field_193f12e elementor-col-50\">\n\t\t\t\t\t\t\t\t\t\t\t\t<label for=\"form-field-field_193f12e\" class=\"elementor-field-label\">\n\t\t\t\t\t\t\t\tInteresseret i\t\t\t\t\t\t\t<\/label>\n\t\t\t\t\t\t\t\t\t\t\t\t\t\t<input size=\"1\" type=\"text\" name=\"form_fields[field_193f12e]\" id=\"form-field-field_193f12e\" class=\"elementor-field elementor-size-sm  elementor-field-textual\" placeholder=\"Hvilken bil leder du efter?\">\n\t\t\t\t\t\t\t\t\t\t\t<\/div>\n\t\t\t\t\t\t\t\t<div class=\"elementor-field-type-textarea elementor-field-group elementor-column elementor-field-group-message elementor-col-100\">\n\t\t\t\t\t\t\t\t\t\t\t\t<label for=\"form-field-message\" class=\"elementor-field-label\">\n\t\t\t\t\t\t\t\tDin Besked\t\t\t\t\t\t\t<\/label>\n\t\t\t\t\t\t<textarea class=\"elementor-field-textual elementor-field  elementor-size-sm\" name=\"form_fields[message]\" id=\"form-field-message\" rows=\"7\" placeholder=\"Skriv din besked her\u2026\"><\/textarea>\t\t\t\t<\/div>\n\t\t\t\t\t\t\t\t<div class=\"elementor-field-group elementor-column elementor-field-type-submit elementor-col-100 e-form__buttons\">\n\t\t\t\t\t<button class=\"elementor-button elementor-size-sm\" type=\"submit\">\n\t\t\t\t\t\t<span class=\"elementor-button-content-wrapper\">\n\t\t\t\t\t\t\t\t\t\t\t\t\t\t\t\t\t\t\t\t\t\t<span class=\"elementor-button-text\">indsend<\/span>\n\t\t\t\t\t\t\t\t\t\t\t\t\t<\/span>\n\t\t\t\t\t<\/button>\n\t\t\t\t<\/div>\n\t\t\t<\/div>\n\t\t<\/form>\n\t\t\t\t\t\t<\/div>\n\t\t\t\t<\/div>\n\t\t<div class=\"elementor-element elementor-element-4dbec91 e-con-full e-flex e-con e-child\" data-id=\"4dbec91\" data-element_type=\"container\" data-e-type=\"container\">\n\t\t<div class=\"elementor-element elementor-element-7f13ccc e-con-full box-h e-flex e-con e-child\" data-id=\"7f13ccc\" data-element_type=\"container\" data-e-type=\"container\" data-settings=\"{&quot;background_background&quot;:&quot;classic&quot;}\">\n\t\t\t\t<div class=\"elementor-element elementor-element-f064114 elementor-widget elementor-widget-heading\" data-id=\"f064114\" data-element_type=\"widget\" data-e-type=\"widget\" data-widget_type=\"heading.default\">\n\t\t\t\t\t<h2 class=\"elementor-heading-title elementor-size-default\">Showroom<\/h2>\t\t\t\t<\/div>\n\t\t<div class=\"elementor-element elementor-element-275383b e-con-full madde-kapsayici e-flex e-con e-child\" data-id=\"275383b\" data-element_type=\"container\" data-e-type=\"container\">\n\t\t<div class=\"elementor-element elementor-element-f6ffce0 e-con-full e-flex e-con e-child\" data-id=\"f6ffce0\" data-element_type=\"container\" data-e-type=\"container\">\n\t\t\t\t<div class=\"elementor-element elementor-element-d209c1d elementor-widget elementor-widget-html\" data-id=\"d209c1d\" data-element_type=\"widget\" data-e-type=\"widget\" data-widget_type=\"html.default\">\n\t\t\t\t\t<link rel=\"stylesheet\" href=\"https:\/\/cdnjs.cloudflare.com\/ajax\/libs\/font-awesome\/6.5.1\/css\/all.min.css\" integrity=\"sha512-DTOQO9RWCH3ppGqcWaEA1BIZOC6xxalwEsw9c2QQeAIftl+Vegovlnee1c9QX4TctnWMn13TZye+giMm8e2LwA==\" crossorigin=\"anonymous\" referrerpolicy=\"no-referrer\" \/>\n\n<div class=\"rl-num-box\">\n  <span class=\"rl-num-text\"><i class=\"fa-solid fa-globe\"><\/i><\/span>\n<\/div>\n\n<style>\n.rl-num-box {\n  display: flex;\n  align-items: center;\n  justify-content: center;\n  width: 45px;\n  height: 45px;\n  background-color: #111111;\n  border: 2px solid #27272a;\n  transform: skewX(-15deg); \n  transition: all 0.4s ease; \n}\n\n.rl-num-text {\n  font-family: 'Oswald', sans-serif;\n  font-size: 1rem;\n  font-weight: 800;\n  color: #71717a; \n  transform: skewX(15deg);\n  transition: color 0.4s ease;\n}\n\n\n.madde-kapsayici:hover .rl-num-box {\n  border-color: #dc2626;\n  background-color: #18181b;\n  box-shadow: 0 0 15px rgba(220, 38, 38, 0.15);\n}\n\n.madde-kapsayici:hover .rl-num-text {\n  color: #dc2626;\n}\n<\/style>\t\t\t\t<\/div>\n\t\t\t\t<\/div>\n\t\t<div class=\"elementor-element elementor-element-12d4387 e-con-full e-flex e-con e-child\" data-id=\"12d4387\" data-element_type=\"container\" data-e-type=\"container\">\n\t\t\t\t<div class=\"elementor-element elementor-element-0d37ce5 elementor-widget elementor-widget-heading\" data-id=\"0d37ce5\" data-element_type=\"widget\" data-e-type=\"widget\" data-widget_type=\"heading.default\">\n\t\t\t\t\t<h2 class=\"elementor-heading-title elementor-size-default\"><span style=\"color:#DC2626\">Red<\/span>Line<\/h2>\t\t\t\t<\/div>\n\t\t\t\t<div class=\"elementor-element elementor-element-1a8f335 elementor-widget elementor-widget-heading\" data-id=\"1a8f335\" data-element_type=\"widget\" data-e-type=\"widget\" data-widget_type=\"heading.default\">\n\t\t\t\t\t<h2 class=\"elementor-heading-title elementor-size-default\">[Adresse] <br>\n[Postnr]<\/h2>\t\t\t\t<\/div>\n\t\t\t\t<\/div>\n\t\t\t\t<\/div>\n\t\t<div class=\"elementor-element elementor-element-c5149ca e-con-full madde-kapsayici e-flex e-con e-child\" data-id=\"c5149ca\" data-element_type=\"container\" data-e-type=\"container\">\n\t\t<div class=\"elementor-element elementor-element-130d0e3 e-con-full e-flex e-con e-child\" data-id=\"130d0e3\" data-element_type=\"container\" data-e-type=\"container\">\n\t\t\t\t<div class=\"elementor-element elementor-element-90b6c67 elementor-widget elementor-widget-html\" data-id=\"90b6c67\" data-element_type=\"widget\" data-e-type=\"widget\" data-widget_type=\"html.default\">\n\t\t\t\t\t<link rel=\"stylesheet\" href=\"https:\/\/cdnjs.cloudflare.com\/ajax\/libs\/font-awesome\/6.5.1\/css\/all.min.css\" integrity=\"sha512-DTOQO9RWCH3ppGqcWaEA1BIZOC6xxalwEsw9c2QQeAIftl+Vegovlnee1c9QX4TctnWMn13TZye+giMm8e2LwA==\" crossorigin=\"anonymous\" referrerpolicy=\"no-referrer\" \/>\n\n<div class=\"rl-num-box\">\n  <span class=\"rl-num-text\"><i class=\"fa-regular fa-handshake\"><\/i><\/span>\n<\/div>\n\n<style>\n.rl-num-box {\n  display: flex;\n  align-items: center;\n  justify-content: center;\n  width: 45px;\n  height: 45px;\n  background-color: #111111;\n  border: 2px solid #27272a;\n  transform: skewX(-15deg); \n  transition: all 0.4s ease; \n}\n\n.rl-num-text {\n  font-family: 'Oswald', sans-serif;\n  font-size: 1rem;\n  font-weight: 800;\n  color: #71717a; \n  transform: skewX(15deg);\n  transition: color 0.4s ease;\n}\n\n\n.madde-kapsayici:hover .rl-num-box {\n  border-color: #dc2626;\n  background-color: #18181b;\n  box-shadow: 0 0 15px rgba(220, 38, 38, 0.15);\n}\n\n.madde-kapsayici:hover .rl-num-text {\n  color: #dc2626;\n}\n<\/style>\t\t\t\t<\/div>\n\t\t\t\t<\/div>\n\t\t<div class=\"elementor-element elementor-element-0faf551 e-con-full e-flex e-con e-child\" data-id=\"0faf551\" data-element_type=\"container\" data-e-type=\"container\">\n\t\t\t\t<div class=\"elementor-element elementor-element-59d719c elementor-widget elementor-widget-heading\" data-id=\"59d719c\" data-element_type=\"widget\" data-e-type=\"widget\" data-widget_type=\"heading.default\">\n\t\t\t\t\t<h2 class=\"elementor-heading-title elementor-size-default\">Kontakt Os<\/h2>\t\t\t\t<\/div>\n\t\t\t\t<div class=\"elementor-element elementor-element-93753d8 elementor-widget elementor-widget-heading\" data-id=\"93753d8\" data-element_type=\"widget\" data-e-type=\"widget\" data-widget_type=\"heading.default\">\n\t\t\t\t\t<h2 class=\"elementor-heading-title elementor-size-default\">+45 55 55 55\n<br><a href=\"mailto:kontakt@adify.dk\">kontakt@adify.dk<\/a><\/h2>\t\t\t\t<\/div>\n\t\t\t\t<\/div>\n\t\t\t\t<\/div>\n\t\t<div class=\"elementor-element elementor-element-494b40f e-con-full madde-kapsayici e-flex e-con e-child\" data-id=\"494b40f\" data-element_type=\"container\" data-e-type=\"container\">\n\t\t<div class=\"elementor-element elementor-element-0babfbb e-con-full e-flex e-con e-child\" data-id=\"0babfbb\" data-element_type=\"container\" data-e-type=\"container\">\n\t\t\t\t<div class=\"elementor-element elementor-element-16882da elementor-widget elementor-widget-html\" data-id=\"16882da\" data-element_type=\"widget\" data-e-type=\"widget\" data-widget_type=\"html.default\">\n\t\t\t\t\t<link rel=\"stylesheet\" href=\"https:\/\/cdnjs.cloudflare.com\/ajax\/libs\/font-awesome\/6.5.1\/css\/all.min.css\" integrity=\"sha512-DTOQO9RWCH3ppGqcWaEA1BIZOC6xxalwEsw9c2QQeAIftl+Vegovlnee1c9QX4TctnWMn13TZye+giMm8e2LwA==\" crossorigin=\"anonymous\" referrerpolicy=\"no-referrer\" \/>\n\n<div class=\"rl-num-box\">\n  <span class=\"rl-num-text\"><i class=\"fa-solid fa-clock-rotate-left\"><\/i><\/span>\n<\/div>\n\n<style>\n.rl-num-box {\n  display: flex;\n  align-items: center;\n  justify-content: center;\n  width: 45px;\n  height: 45px;\n  background-color: #111111;\n  border: 2px solid #27272a;\n  transform: skewX(-15deg); \n  transition: all 0.4s ease; \n}\n\n.rl-num-text {\n  font-family: 'Oswald', sans-serif;\n  font-size: 1rem;\n  font-weight: 800;\n  color: #71717a; \n  transform: skewX(15deg);\n  transition: color 0.4s ease;\n}\n\n\n.madde-kapsayici:hover .rl-num-box {\n  border-color: #dc2626;\n  background-color: #18181b;\n  box-shadow: 0 0 15px rgba(220, 38, 38, 0.15);\n}\n\n.madde-kapsayici:hover .rl-num-text {\n  color: #dc2626;\n}\n<\/style>\t\t\t\t<\/div>\n\t\t\t\t<\/div>\n\t\t<div class=\"elementor-element elementor-element-5234e79 e-con-full e-flex e-con e-child\" data-id=\"5234e79\" data-element_type=\"container\" data-e-type=\"container\">\n\t\t\t\t<div class=\"elementor-element elementor-element-f3275f9 elementor-widget elementor-widget-heading\" data-id=\"f3275f9\" data-element_type=\"widget\" data-e-type=\"widget\" data-widget_type=\"heading.default\">\n\t\t\t\t\t<h2 class=\"elementor-heading-title elementor-size-default\">\u00c5bningstider<\/h2>\t\t\t\t<\/div>\n\t\t\t\t<div class=\"elementor-element elementor-element-97f18e1 elementor-widget elementor-widget-heading\" data-id=\"97f18e1\" data-element_type=\"widget\" data-e-type=\"widget\" data-widget_type=\"heading.default\">\n\t\t\t\t\t<h2 class=\"elementor-heading-title elementor-size-default\">Man \u2013 Fre: 09:00 \u2013 17:30<br \/>\nL\u00f8rdag: 10:00 \u2013 14:00<br \/>\nS\u00f8ndag: Lukket<\/h2>\t\t\t\t<\/div>\n\t\t\t\t<\/div>\n\t\t\t\t<\/div>\n\t\t\t\t<\/div>\n\t\t<div class=\"elementor-element elementor-element-20cfbfe e-con-full box-h e-flex e-con e-child\" data-id=\"20cfbfe\" data-element_type=\"container\" data-e-type=\"container\">\n\t\t\t\t<div class=\"elementor-element elementor-element-21ad688 elementor-widget elementor-widget-google_maps\" data-id=\"21ad688\" data-element_type=\"widget\" data-e-type=\"widget\" data-widget_type=\"google_maps.default\">\n\t\t\t\t\t\t\t<div class=\"elementor-custom-embed\">\n\t\t\t<iframe loading=\"lazy\"\n\t\t\t\t\tsrc=\"https:\/\/maps.google.com\/maps?q=Ikast%20danmark&#038;t=m&#038;z=14&#038;output=embed&#038;iwloc=near\"\n\t\t\t\t\ttitle=\"Ikast danmark\"\n\t\t\t\t\taria-label=\"Ikast danmark\"\n\t\t\t><\/iframe>\n\t\t<\/div>\n\t\t\t\t\t\t<\/div>\n\t\t\t\t<\/div>\n\t\t\t\t<\/div>\n\t\t\t\t<\/div>\n\t\t\t\t\t<\/div>\n\t\t\t\t<\/div>\n\t\t\t\t<\/div>\n\t\t","protected":false},"excerpt":{"rendered":"<p>&#8202; Kontakt os Klar til din n\u00e6ste bil? Udfyld formularen eller kontakt os direkte. Uanset om du har sp\u00f8rgsm\u00e5l, \u00f8nsker en fremvisning eller leder efter en specifik bil, st\u00e5r vi klar til at hj\u00e6lpe. Kontakt os i dag Udfyld formularen, og vi vender hurtigt tilbage til dig. Uanset om du har sp\u00f8rgsm\u00e5l, \u00f8nsker en fremvisning [&hellip;]<\/p>\n","protected":false},"author":1,"featured_media":0,"parent":0,"menu_order":0,"comment_status":"closed","ping_status":"closed","template":"","meta":{"footnotes":""},"class_list":["post-175","page","type-page","status-publish","hentry"],"_links":{"self":[{"href":"https:\/\/bilapi.dk\/Template3\/wp-json\/wp\/v2\/pages\/175","targetHints":{"allow":["GET"]}}],"collection":[{"href":"https:\/\/bilapi.dk\/Template3\/wp-json\/wp\/v2\/pages"}],"about":[{"href":"https:\/\/bilapi.dk\/Template3\/wp-json\/wp\/v2\/types\/page"}],"author":[{"embeddable":true,"href":"https:\/\/bilapi.dk\/Template3\/wp-json\/wp\/v2\/users\/1"}],"replies":[{"embeddable":true,"href":"https:\/\/bilapi.dk\/Template3\/wp-json\/wp\/v2\/comments?post=175"}],"version-history":[{"count":21,"href":"https:\/\/bilapi.dk\/Template3\/wp-json\/wp\/v2\/pages\/175\/revisions"}],"predecessor-version":[{"id":548,"href":"https:\/\/bilapi.dk\/Template3\/wp-json\/wp\/v2\/pages\/175\/revisions\/548"}],"wp:attachment":[{"href":"https:\/\/bilapi.dk\/Template3\/wp-json\/wp\/v2\/media?parent=175"}],"curies":[{"name":"wp","href":"https:\/\/api.w.org\/{rel}","templated":true}]}}