{"id":119,"date":"2026-03-20T13:28:12","date_gmt":"2026-03-20T13:28:12","guid":{"rendered":"https:\/\/bilapi.dk\/Template3\/?page_id=119"},"modified":"2026-03-28T20:48:20","modified_gmt":"2026-03-28T20:48:20","slug":"om-os","status":"publish","type":"page","link":"https:\/\/bilapi.dk\/Template3\/om-os\/","title":{"rendered":"Om OS"},"content":{"rendered":"\t\t<div data-elementor-type=\"wp-page\" data-elementor-id=\"119\" class=\"elementor elementor-119\" data-elementor-post-type=\"page\">\n\t\t\t\t<div class=\"elementor-element elementor-element-304e62e bgkare e-flex e-con-boxed e-con e-parent\" data-id=\"304e62e\" data-element_type=\"container\" data-e-type=\"container\">\n\t\t\t\t\t<div class=\"e-con-inner\">\n\t\t<div class=\"elementor-element elementor-element-a671859 e-con-full e-flex e-con e-child\" data-id=\"a671859\" data-element_type=\"container\" data-e-type=\"container\">\n\t\t<div class=\"elementor-element elementor-element-e0d10ad e-con-full e-flex e-con e-child\" data-id=\"e0d10ad\" data-element_type=\"container\" data-e-type=\"container\">\n\t\t\t\t<div class=\"elementor-element elementor-element-53f5794 elementor-widget elementor-widget-html\" data-id=\"53f5794\" data-element_type=\"widget\" data-e-type=\"widget\" data-widget_type=\"html.default\">\n\t\t\t\t\t<span class=\"red-skew-bar3\"><\/span>\t\t\t\t<\/div>\n\t\t\t\t<div class=\"elementor-element elementor-element-2e91988 elementor-widget elementor-widget-heading\" data-id=\"2e91988\" data-element_type=\"widget\" data-e-type=\"widget\" data-widget_type=\"heading.default\">\n\t\t\t\t\t<h2 class=\"elementor-heading-title elementor-size-default\">&#8202;Vores tilgang<\/h2>\t\t\t\t<\/div>\n\t\t\t\t<\/div>\n\t\t\t\t<div class=\"elementor-element elementor-element-cc9a09e elementor-widget elementor-widget-heading\" data-id=\"cc9a09e\" data-element_type=\"widget\" data-e-type=\"widget\" data-widget_type=\"heading.default\">\n\t\t\t\t\t<h1 class=\"elementor-heading-title elementor-size-default\">Tag <span style=\"color:#DC2626\">kontrollen.<\/span><\/h1>\t\t\t\t<\/div>\n\t\t\t\t<div class=\"elementor-element elementor-element-df88f47 elementor-widget elementor-widget-text-editor\" data-id=\"df88f47\" data-element_type=\"widget\" data-e-type=\"widget\" data-widget_type=\"text-editor.default\">\n\t\t\t\t\t\t\t\t\t<p>Det handler ikke kun om at se bilen \u2013 det handler om at m\u00e6rke den. Vi skaber en oplevelse, hvor kvalitet, performance og gennemsigtighed g\u00e5r h\u00e5nd i h\u00e5nd.<\/p>\t\t\t\t\t\t\t\t<\/div>\n\t\t\t\t<\/div>\n\t\t<div class=\"elementor-element elementor-element-686739f e-flex e-con-boxed e-con e-child\" data-id=\"686739f\" data-element_type=\"container\" data-e-type=\"container\">\n\t\t\t\t\t<div class=\"e-con-inner\">\n\t\t<div class=\"elementor-element elementor-element-f9980ab e-con-full carxdd e-flex e-con e-child\" data-id=\"f9980ab\" data-element_type=\"container\" data-e-type=\"container\" data-settings=\"{&quot;background_background&quot;:&quot;classic&quot;}\">\n\t\t\t\t<div class=\"elementor-element elementor-element-9a1d38c red-headd elementor-widget elementor-widget-heading\" data-id=\"9a1d38c\" data-element_type=\"widget\" data-e-type=\"widget\" data-widget_type=\"heading.default\">\n\t\t\t\t\t<h2 class=\"elementor-heading-title elementor-size-default\">01<\/h2>\t\t\t\t<\/div>\n\t\t\t\t<div class=\"elementor-element elementor-element-b2ddd08 elementor-widget elementor-widget-heading\" data-id=\"b2ddd08\" data-element_type=\"widget\" data-e-type=\"widget\" data-widget_type=\"heading.default\">\n\t\t\t\t\t<h2 class=\"elementor-heading-title elementor-size-default\">Ingen kompromiser<\/h2>\t\t\t\t<\/div>\n\t\t\t\t<div class=\"elementor-element elementor-element-99aca53 elementor-widget elementor-widget-text-editor\" data-id=\"99aca53\" data-element_type=\"widget\" data-e-type=\"widget\" data-widget_type=\"text-editor.default\">\n\t\t\t\t\t\t\t\t\t<p>Vi accepterer ikke fejl og skjulte mangler. Hver bil gennemg\u00e5r en grundig kontrol, s\u00e5 du f\u00e5r en l\u00f8sning, der lever op til vores h\u00f8je standarder.<\/p>\t\t\t\t\t\t\t\t<\/div>\n\t\t\t\t<\/div>\n\t\t<div class=\"elementor-element elementor-element-0038075 e-con-full carxdd e-flex e-con e-child\" data-id=\"0038075\" data-element_type=\"container\" data-e-type=\"container\" data-settings=\"{&quot;background_background&quot;:&quot;classic&quot;}\">\n\t\t\t\t<div class=\"elementor-element elementor-element-7b79921 red-headd elementor-widget elementor-widget-heading\" data-id=\"7b79921\" data-element_type=\"widget\" data-e-type=\"widget\" data-widget_type=\"heading.default\">\n\t\t\t\t\t<h2 class=\"elementor-heading-title elementor-size-default\">02<\/h2>\t\t\t\t<\/div>\n\t\t\t\t<div class=\"elementor-element elementor-element-a5797da elementor-widget elementor-widget-heading\" data-id=\"a5797da\" data-element_type=\"widget\" data-e-type=\"widget\" data-widget_type=\"heading.default\">\n\t\t\t\t\t<h2 class=\"elementor-heading-title elementor-size-default\">Teknisk kvalitet<\/h2>\t\t\t\t<\/div>\n\t\t\t\t<div class=\"elementor-element elementor-element-1615105 elementor-widget elementor-widget-text-editor\" data-id=\"1615105\" data-element_type=\"widget\" data-e-type=\"widget\" data-widget_type=\"text-editor.default\">\n\t\t\t\t\t\t\t\t\t<p>Motor, gear og alle vitale komponenter bliver n\u00f8je testet, s\u00e5 du er sikret en bil, der leverer \u2013 b\u00e5de i hverdagen og p\u00e5 vejen.<\/p>\t\t\t\t\t\t\t\t<\/div>\n\t\t\t\t<\/div>\n\t\t<div class=\"elementor-element elementor-element-d8213e4 e-con-full carxdd e-flex e-con e-child\" data-id=\"d8213e4\" data-element_type=\"container\" data-e-type=\"container\" data-settings=\"{&quot;background_background&quot;:&quot;classic&quot;}\">\n\t\t\t\t<div class=\"elementor-element elementor-element-eb0b82d red-headd elementor-widget elementor-widget-heading\" data-id=\"eb0b82d\" data-element_type=\"widget\" data-e-type=\"widget\" data-widget_type=\"heading.default\">\n\t\t\t\t\t<h2 class=\"elementor-heading-title elementor-size-default\">03<\/h2>\t\t\t\t<\/div>\n\t\t\t\t<div class=\"elementor-element elementor-element-9e35c8f elementor-widget elementor-widget-heading\" data-id=\"9e35c8f\" data-element_type=\"widget\" data-e-type=\"widget\" data-widget_type=\"heading.default\">\n\t\t\t\t\t<h2 class=\"elementor-heading-title elementor-size-default\">Fuld gennemsigtighed<\/h2>\t\t\t\t<\/div>\n\t\t\t\t<div class=\"elementor-element elementor-element-07100e5 elementor-widget elementor-widget-text-editor\" data-id=\"07100e5\" data-element_type=\"widget\" data-e-type=\"widget\" data-widget_type=\"text-editor.default\">\n\t\t\t\t\t\t\t\t\t<p>Vi tror p\u00e5 \u00e6rlig handel. Derfor f\u00e5r du altid indsigt i bilens historik, stand og detaljer \u2013 uden overraskelser.<\/p>\t\t\t\t\t\t\t\t<\/div>\n\t\t\t\t<\/div>\n\t\t\t\t\t<\/div>\n\t\t\t\t<\/div>\n\t\t<div class=\"elementor-element elementor-element-33a43da e-con-full e-flex e-con e-child\" data-id=\"33a43da\" data-element_type=\"container\" data-e-type=\"container\">\n\t\t<div class=\"elementor-element elementor-element-60fe745 e-con-full cont-lefrt e-flex e-con e-child\" data-id=\"60fe745\" data-element_type=\"container\" data-e-type=\"container\">\n\t\t\t\t<div class=\"elementor-element elementor-element-6111fda elementor-widget elementor-widget-heading\" data-id=\"6111fda\" data-element_type=\"widget\" data-e-type=\"widget\" data-widget_type=\"heading.default\">\n\t\t\t\t\t<h2 class=\"elementor-heading-title elementor-size-default\">Vi br\u00e6nder<br \/><span style=\"color:#DC2626\"> for biler<\/span><\/h2>\t\t\t\t<\/div>\n\t\t\t\t<div class=\"elementor-element elementor-element-f9f7381 elementor-widget elementor-widget-text-editor\" data-id=\"f9f7381\" data-element_type=\"widget\" data-e-type=\"widget\" data-widget_type=\"text-editor.default\">\n\t\t\t\t\t\t\t\t\t<p data-start=\"910\" data-end=\"1093\">Vi er ikke bare en bilforhandler \u2013 vi er passionerede omkring det, vi laver. Vores m\u00e5l er at levere biler, der ikke kun ser godt ud, men ogs\u00e5 f\u00f8les rigtige at k\u00f8re i.<\/p><p data-start=\"1095\" data-end=\"1265\">Hos os m\u00f8der du et team, der forst\u00e5r b\u00e5de detaljer og helhed. Vi hj\u00e6lper dig med at finde den bil, der matcher dine behov \u2013 uden pres og med fokus p\u00e5 kvalitet hele vejen.<\/p>\t\t\t\t\t\t\t\t<\/div>\n\t\t\t\t<\/div>\n\t\t<div class=\"elementor-element elementor-element-495874a e-con-full e-flex e-con e-child\" data-id=\"495874a\" data-element_type=\"container\" data-e-type=\"container\">\n\t\t\t\t<div class=\"elementor-element elementor-element-7cfbf05 elementor-widget elementor-widget-html\" data-id=\"7cfbf05\" data-element_type=\"widget\" data-e-type=\"widget\" data-widget_type=\"html.default\">\n\t\t\t\t\t<div class=\"rl-gallery-group\">\n  <div class=\"rl-red-bg\"><\/div>\n  <div class=\"rl-img-wrapper\">\n    <img decoding=\"async\" src=\"https:\/\/images.unsplash.com\/photo-1770327715008-8b073818516d?q=80&w=1472&auto=format&fit=crop&ixlib=rb-4.1.0&ixid=M3wxMjA3fDB8MHxwaG90by1wYWdlfHx8fGVufDB8fHx8fA%3D%3D\" alt=\"Performance Garage\" class=\"rl-img\">\n    <div class=\"rl-gradient-overlay\"><\/div>\n  <\/div>\n<\/div>\n\n<style>\n.rl-gallery-group {\n  position: relative;\n  width: 100%;\n  max-width: 550px;\n  margin: 0 auto;\n  cursor: pointer;\n}\n\n.rl-red-bg {\n  position: absolute;\n  top: 0; right: 0; bottom: 0; left: 0;\n  background-color: #dc2626;\n  z-index: 0; \/* z-0 *\/\n  transform: skewX(-12deg) translate(16px, 16px);\n  transition: transform 0.5s ease;\n}\n\n.rl-gallery-group:hover .rl-red-bg {\n  transform: skewX(-12deg) translate(24px, 24px);\n}\n\n.rl-img-wrapper {\n  position: relative;\n  width: 100%;\n  aspect-ratio: 4 \/ 5;\n  overflow: hidden;\n  transform: skewX(-12deg);\n  border: 4px solid #18181b;\n  background-color: #18181b;\n  z-index: 10;\n}\n\n@media (min-width: 768px) {\n  .rl-img-wrapper {\n    aspect-ratio: 1 \/ 1; \n  }\n}\n\n.rl-img {\n  position: absolute !important;\n  top: 50% !important;\n  left: 50% !important;\n  width: 130% !important;\n  height: 130% !important;\n  max-width: none !important; \n  object-fit: cover !important;\n  transform: translate(-50%, -50%) skewX(12deg) scale(1.15) !important;\n  opacity: 0.8 !important;\n  mix-blend-mode: luminosity !important;\n  transition: transform 0.7s cubic-bezier(0.25, 1, 0.5, 1), opacity 0.7s ease, mix-blend-mode 0.7s ease !important;\n}\n\n.rl-gallery-group:hover .rl-img {\n  transform: translate(-50%, -50%) skewX(12deg) scale(1) !important; \n  opacity: 1 !important;\n  mix-blend-mode: normal !important;\n}\n\n.rl-gradient-overlay {\n  position: absolute;\n  top: 0; right: 0; bottom: 0; left: 0;\n  background: linear-gradient(to top, #09090b, transparent, transparent);\n  opacity: 0.6;\n  z-index: 20;\n  pointer-events: none;\n}\n<\/style>\t\t\t\t<\/div>\n\t\t\t\t<\/div>\n\t\t\t\t<\/div>\n\t\t\t\t\t<\/div>\n\t\t\t\t<\/div>\n\t\t\t\t<\/div>\n\t\t","protected":false},"excerpt":{"rendered":"<p>&#8202;Vores tilgang Tag kontrollen. Det handler ikke kun om at se bilen \u2013 det handler om at m\u00e6rke den. Vi skaber en oplevelse, hvor kvalitet, performance og gennemsigtighed g\u00e5r h\u00e5nd i h\u00e5nd. 01 Ingen kompromiser Vi accepterer ikke fejl og skjulte mangler. Hver bil gennemg\u00e5r en grundig kontrol, s\u00e5 du f\u00e5r en l\u00f8sning, der lever [&hellip;]<\/p>\n","protected":false},"author":1,"featured_media":0,"parent":0,"menu_order":0,"comment_status":"closed","ping_status":"closed","template":"","meta":{"footnotes":""},"class_list":["post-119","page","type-page","status-publish","hentry"],"_links":{"self":[{"href":"https:\/\/bilapi.dk\/Template3\/wp-json\/wp\/v2\/pages\/119","targetHints":{"allow":["GET"]}}],"collection":[{"href":"https:\/\/bilapi.dk\/Template3\/wp-json\/wp\/v2\/pages"}],"about":[{"href":"https:\/\/bilapi.dk\/Template3\/wp-json\/wp\/v2\/types\/page"}],"author":[{"embeddable":true,"href":"https:\/\/bilapi.dk\/Template3\/wp-json\/wp\/v2\/users\/1"}],"replies":[{"embeddable":true,"href":"https:\/\/bilapi.dk\/Template3\/wp-json\/wp\/v2\/comments?post=119"}],"version-history":[{"count":30,"href":"https:\/\/bilapi.dk\/Template3\/wp-json\/wp\/v2\/pages\/119\/revisions"}],"predecessor-version":[{"id":551,"href":"https:\/\/bilapi.dk\/Template3\/wp-json\/wp\/v2\/pages\/119\/revisions\/551"}],"wp:attachment":[{"href":"https:\/\/bilapi.dk\/Template3\/wp-json\/wp\/v2\/media?parent=119"}],"curies":[{"name":"wp","href":"https:\/\/api.w.org\/{rel}","templated":true}]}}